{"id":164,"date":"2023-08-31T15:17:57","date_gmt":"2023-08-31T14:17:57","guid":{"rendered":"https:\/\/www.agadir-experience.com\/fr\/?post_type=product&#038;p=164"},"modified":"2023-09-24T13:52:54","modified_gmt":"2023-09-24T12:52:54","slug":"agadir-traditional-hammam-and-massage","status":"publish","type":"product","link":"https:\/\/www.agadir-experience.com\/fr\/tours\/hammam-traditionnel-et-massage-a-agadir\/","title":{"rendered":"Hammam traditionnel et Massage \u00e0 Agadir"},"content":{"rendered":"<h2>Description :<\/h2>\n<p>Si vous recherchez une exp\u00e9rience unique et revigorante, rendez-vous dans ce hammam traditionnel et offrez-vous un rituel berb\u00e8re traditionnel. C&#8217;est le moyen id\u00e9al pour se d\u00e9tendre et se relaxer ! Faites-vous plaisir avec une pause bien m\u00e9rit\u00e9e en vous offrant un massage relaxant et en profitant d&#8217;une s\u00e9ance de hammam.<\/p>\n<p>Vous serez pris en charge \u00e0 votre h\u00f4tel et emmen\u00e9 dans un centre de bien-\u00eatre situ\u00e9 dans le centre-ville. Une fois sur place, plongez-vous dans le hammam, \u00e9galement connu sous le nom de bain marocain, dans l&#8217;ambiance accueillante du centre. Apr\u00e8s le hammam, d\u00e9couvrez la d\u00e9tente et la revitalisation d&#8217;un massage berb\u00e8re de 60 minutes avec des huiles essentielles. Ce massage aidera \u00e0 dynamiser votre corps et laissera votre peau revitalis\u00e9e, gr\u00e2ce aux propri\u00e9t\u00e9s nourrissantes de l&#8217;huile d&#8217;argan.<\/p>\n<p>C&#8217;est une excellente occasion de rel\u00e2cher les tensions musculaires, surtout si vous menez une vie active. D\u00e9couvrez les nombreux bienfaits de l&#8217;huile d&#8217;argan, r\u00e9put\u00e9e pour ses effets positifs sur le corps et la peau.<\/p>\n<p>\u00c0 la fin de cette exp\u00e9rience merveilleuse et relaxante, vous serez ramen\u00e9 \u00e0 votre h\u00f4tel, vous sentant rafra\u00eechi et revitalis\u00e9.<\/p>\n","protected":false},"excerpt":{"rendered":"<p>Description : Si vous recherchez une exp\u00e9rience unique et revigorante, rendez-vous dans ce hammam traditionnel et offrez-vous un rituel berb\u00e8re traditionnel. C&#8217;est le moyen id\u00e9al pour se d\u00e9tendre et se relaxer ! Faites-vous plaisir avec une pause bien m\u00e9rit\u00e9e en vous offrant un massage relaxant et en profitant d&#8217;une s\u00e9ance de hammam. Vous serez pris [&hellip;]<\/p>\n","protected":false},"featured_media":180,"comment_status":"closed","ping_status":"closed","template":"","meta":{"_acf_changed":false,"_seopress_robots_primary_cat":"none","_seopress_titles_title":"Hammam traditionnel et massage \u00e0 Agadir : une exp\u00e9rience relaxante","_seopress_titles_desc":"Plongez dans la culture marocaine lors d&#039;un hammam traditionnel et d&#039;un massage \u00e0 Agadir. Au programme : gommage au savon noir, massage aux huiles essentielles et d\u00e9tente absolue.","_seopress_robots_index":"","_glsr_average":5,"_glsr_ranking":4.25,"_glsr_reviews":10},"product_cat":[40],"product_tag":[42],"class_list":{"0":"post-164","1":"product","2":"type-product","3":"status-publish","4":"has-post-thumbnail","6":"product_cat-uncategorized","7":"product_tag-home-carousel","9":"first","10":"instock","11":"virtual","12":"sold-individually","13":"purchasable","14":"product-type-booking"},"acf":[],"_links":{"self":[{"href":"https:\/\/www.agadir-experience.com\/fr\/wp-json\/wp\/v2\/product\/164","targetHints":{"allow":["GET"]}}],"collection":[{"href":"https:\/\/www.agadir-experience.com\/fr\/wp-json\/wp\/v2\/product"}],"about":[{"href":"https:\/\/www.agadir-experience.com\/fr\/wp-json\/wp\/v2\/types\/product"}],"replies":[{"embeddable":true,"href":"https:\/\/www.agadir-experience.com\/fr\/wp-json\/wp\/v2\/comments?post=164"}],"wp:featuredmedia":[{"embeddable":true,"href":"https:\/\/www.agadir-experience.com\/fr\/wp-json\/wp\/v2\/media\/180"}],"wp:attachment":[{"href":"https:\/\/www.agadir-experience.com\/fr\/wp-json\/wp\/v2\/media?parent=164"}],"wp:term":[{"taxonomy":"product_cat","embeddable":true,"href":"https:\/\/www.agadir-experience.com\/fr\/wp-json\/wp\/v2\/product_cat?post=164"},{"taxonomy":"product_tag","embeddable":true,"href":"https:\/\/www.agadir-experience.com\/fr\/wp-json\/wp\/v2\/product_tag?post=164"}],"curies":[{"name":"wp","href":"https:\/\/api.w.org\/{rel}","templated":true}]}}