{"id":162,"date":"2023-08-31T15:17:57","date_gmt":"2023-08-31T14:17:57","guid":{"rendered":"https:\/\/www.agadir-experience.com\/fr\/?post_type=product&#038;p=162"},"modified":"2023-09-24T12:24:04","modified_gmt":"2023-09-24T11:24:04","slug":"taghazout-camel-ride","status":"publish","type":"product","link":"https:\/\/www.agadir-experience.com\/fr\/tours\/balade-en-chameau-a-taghazout\/","title":{"rendered":"Balade en Chameau \u00e0 Taghazout"},"content":{"rendered":"<h2>Description :<\/h2>\n<p>Vivez la magie d&#8217;une balade \u00e0 dos de chameau \u00e0 Taghazout, une excursion charmante qui vous permet de vous immerger dans la beaut\u00e9 naturelle de la r\u00e9gion. Au cours de quelques heures, vous vous lancerez dans un voyage le long de la plage pr\u00e9serv\u00e9e de 6 km de Taghazout, offrant une vue imprenable sur les majestueuses montagnes de l&#8217;Atlas. Ressentez la chaleur du soleil marocain et le sable doux sous vos pieds tout en cr\u00e9ant des souvenirs inoubliables.<\/p>\n<p>Votre aventure commence par une prise en charge pratique \u00e0 votre h\u00f4tel, suivie d&#8217;un trajet pittoresque jusqu&#8217;au ranch o\u00f9 se d\u00e9roulera la balade \u00e0 dos de chameau. Profitez de l&#8217;exp\u00e9rience enchanteresse d&#8217;une balade \u00e0 dos de chameau, en explorant le ranch, en vous promenant le long de la plage et en vous aventurant sur les sentiers de montagne. Soyez captiv\u00e9 par les vues impressionnantes qui se d\u00e9voilent devant vos yeux. Cette balade \u00e0 dos de chameau offre une occasion unique de s&#8217;\u00e9vader de la foule et de vous plonger dans une aventure de style d\u00e9sertique.<\/p>\n<p>Que vous choisissiez de vous lancer dans cette excursion t\u00f4t le matin ou l&#8217;apr\u00e8s-midi, vous pouvez vous attendre \u00e0 un voyage enchanteur \u00e0 travers les dunes et les for\u00eats de Taghazout sur un moyen de transport traditionnel. Laissez-vous porter par le doux balancement des chameaux, accompagn\u00e9 d&#8217;un guide exp\u00e9riment\u00e9 qui veillera \u00e0 votre confort et \u00e0 votre s\u00e9curit\u00e9 tout au long de la balade.<\/p>\n<p>\u00c0 la fin de la balade \u00e0 dos de chameau, vous serez ramen\u00e9 \u00e0 votre h\u00f4tel, emportant avec vous des souvenirs d&#8217;une exp\u00e9rience inoubliable.<\/p>\n","protected":false},"excerpt":{"rendered":"<p>Description : Vivez la magie d&#8217;une balade \u00e0 dos de chameau \u00e0 Taghazout, une excursion charmante qui vous permet de vous immerger dans la beaut\u00e9 naturelle de la r\u00e9gion. Au cours de quelques heures, vous vous lancerez dans un voyage le long de la plage pr\u00e9serv\u00e9e de 6 km de Taghazout, offrant une vue imprenable [&hellip;]<\/p>\n","protected":false},"featured_media":178,"comment_status":"closed","ping_status":"closed","template":"","meta":{"_acf_changed":false,"_seopress_robots_primary_cat":"none","_seopress_titles_title":"Balade en chameau \u00e0 Taghazout : une exp\u00e9rience inoubliable","_seopress_titles_desc":"D\u00e9couvrez la c\u00f4te sauvage marocaine lors d&#039;une balade en chameau inoubliable \u00e0 Taghazout. Au programme : plages de sable fin, dunes de sable et villages traditionnels berb\u00e8res.","_seopress_robots_index":"","_glsr_average":5,"_glsr_ranking":4.2857142857143,"_glsr_reviews":11},"product_cat":[40],"product_tag":[47],"class_list":{"0":"post-162","1":"product","2":"type-product","3":"status-publish","4":"has-post-thumbnail","6":"product_cat-uncategorized","7":"product_tag-activite","9":"first","10":"instock","11":"virtual","12":"sold-individually","13":"purchasable","14":"product-type-booking"},"acf":[],"_links":{"self":[{"href":"https:\/\/www.agadir-experience.com\/fr\/wp-json\/wp\/v2\/product\/162","targetHints":{"allow":["GET"]}}],"collection":[{"href":"https:\/\/www.agadir-experience.com\/fr\/wp-json\/wp\/v2\/product"}],"about":[{"href":"https:\/\/www.agadir-experience.com\/fr\/wp-json\/wp\/v2\/types\/product"}],"replies":[{"embeddable":true,"href":"https:\/\/www.agadir-experience.com\/fr\/wp-json\/wp\/v2\/comments?post=162"}],"wp:featuredmedia":[{"embeddable":true,"href":"https:\/\/www.agadir-experience.com\/fr\/wp-json\/wp\/v2\/media\/178"}],"wp:attachment":[{"href":"https:\/\/www.agadir-experience.com\/fr\/wp-json\/wp\/v2\/media?parent=162"}],"wp:term":[{"taxonomy":"product_cat","embeddable":true,"href":"https:\/\/www.agadir-experience.com\/fr\/wp-json\/wp\/v2\/product_cat?post=162"},{"taxonomy":"product_tag","embeddable":true,"href":"https:\/\/www.agadir-experience.com\/fr\/wp-json\/wp\/v2\/product_tag?post=162"}],"curies":[{"name":"wp","href":"https:\/\/api.w.org\/{rel}","templated":true}]}}