{"id":161,"date":"2023-08-31T15:17:57","date_gmt":"2023-08-31T14:17:57","guid":{"rendered":"https:\/\/www.agadir-experience.com\/fr\/?post_type=product&#038;p=161"},"modified":"2023-09-24T12:16:31","modified_gmt":"2023-09-24T11:16:31","slug":"small-desert-trip-from-agadir-massa-river-tiznit","status":"publish","type":"product","link":"https:\/\/www.agadir-experience.com\/fr\/tours\/excursion-massa-et-tiznit-depuis-agadir\/","title":{"rendered":"Excursion Massa et Tiznit depuis Agadir"},"content":{"rendered":"<h2>Description :<\/h2>\n<p>Partez pour une aventure passionnante \u00e0 la d\u00e9couverte d\u2019un petit d\u00e9sert pr\u00e8s d&#8217;Agadir. D\u00e9couvrez la beaut\u00e9 de la r\u00e9gion c\u00f4ti\u00e8re, visitez un village de p\u00eacheurs et plongez dans la culture des Berb\u00e8res. Savourez un d\u00e9licieux d\u00e9jeuner traditionnel et profitez de l&#8217;opportunit\u00e9 d&#8217;explorer les petites dunes du Sahara.<\/p>\n<p>Commencez votre voyage par une visite du village de p\u00eacheurs sur la plage sauvage de Sidi R&#8217;bat. Explorez les grottes des p\u00eacheurs et profitez de la tranquillit\u00e9 de cette plage isol\u00e9e. Parcourez une route de rallye sur des dunes de sable et des terrains sablonneux, offrant une exp\u00e9rience unique le long de l&#8217;oc\u00e9an Atlantique. Faites un arr\u00eat \u00e0 la rivi\u00e8re Massa, situ\u00e9e dans le parc national des oiseaux. Si vous avez de la chance, vous pourriez apercevoir des oiseaux migrateurs.<\/p>\n<p>Continuez la route vers la ville fortifi\u00e9e de Tiznit. Admirez les remparts de la vieille ville et promenez-vous dans la vieille M\u00e9dina de Tiznit. Explorez les bijouteries artisanales en argent berb\u00e8re, une sp\u00e9cialit\u00e9 de Tiznit. Apr\u00e8s la visite de Tiznit, dirigez-vous vers les montagnes de l&#8217;Atlas pour une pause d\u00e9jeuner dans une maison berb\u00e8re locale. D\u00e9gustez un repas compos\u00e9 de Tajine et de Couscous, accompagn\u00e9 de fruits de saison et de th\u00e9 \u00e0 la menthe. Des repas v\u00e9g\u00e9tariens peuvent \u00eatre demand\u00e9s.<\/p>\n<p>Apr\u00e8s le d\u00e9jeuner, vous aurez du temps libre dans les petites dunes du Sahara pour prendre des photos et profiter du paysage d\u00e9sertique. Des balades \u00e0 dos de chameau en option sont disponibles moyennant un suppl\u00e9ment de 5\u20ac par personne. Quittez le petit Sahara et rendez-vous au barrage d&#8217;eau Youssef Ben Tachafine. Du sommet de la colline, profitez d&#8217;une vue panoramique sur la r\u00e9gion environnante, capturant l&#8217;essence de la vie quotidienne de la campagne marocaine.<\/p>\n<p>Entamez le trajet de retour vers Agadir, en admirant les beaux paysages tout au long du chemin. Arriv\u00e9e \u00e0 votre h\u00f4tel \u00e0 Agadir vers 17h00.<\/p>\n","protected":false},"excerpt":{"rendered":"<p>Description : Partez pour une aventure passionnante \u00e0 la d\u00e9couverte d\u2019un petit d\u00e9sert pr\u00e8s d&#8217;Agadir. D\u00e9couvrez la beaut\u00e9 de la r\u00e9gion c\u00f4ti\u00e8re, visitez un village de p\u00eacheurs et plongez dans la culture des Berb\u00e8res. Savourez un d\u00e9licieux d\u00e9jeuner traditionnel et profitez de l&#8217;opportunit\u00e9 d&#8217;explorer les petites dunes du Sahara. Commencez votre voyage par une visite [&hellip;]<\/p>\n","protected":false},"featured_media":177,"comment_status":"closed","ping_status":"closed","template":"","meta":{"_acf_changed":false,"_seopress_robots_primary_cat":"none","_seopress_titles_title":"Excursion \u00e0 Massa et Tiznit depuis Agadir : d\u00e9couvrez deux joyaux du Maroc","_seopress_titles_desc":"Partez pour une excursion d&#039;une journ\u00e9e \u00e0 Massa et Tiznit depuis Agadir pour d\u00e9couvrir deux joyaux du Maroc. Au programme : visite du parc national de Massa, l&#039;une des plus belles r\u00e9serves naturelles du pays, et de la ville de Tiznit, connue pour ses bijoux en argent.","_seopress_robots_index":"","_glsr_average":5,"_glsr_ranking":4.1666666666667,"_glsr_reviews":8},"product_cat":[40],"product_tag":[50],"class_list":{"0":"post-161","1":"product","2":"type-product","3":"status-publish","4":"has-post-thumbnail","6":"product_cat-uncategorized","7":"product_tag-excursion","9":"first","10":"instock","11":"virtual","12":"sold-individually","13":"purchasable","14":"product-type-booking"},"acf":[],"_links":{"self":[{"href":"https:\/\/www.agadir-experience.com\/fr\/wp-json\/wp\/v2\/product\/161","targetHints":{"allow":["GET"]}}],"collection":[{"href":"https:\/\/www.agadir-experience.com\/fr\/wp-json\/wp\/v2\/product"}],"about":[{"href":"https:\/\/www.agadir-experience.com\/fr\/wp-json\/wp\/v2\/types\/product"}],"replies":[{"embeddable":true,"href":"https:\/\/www.agadir-experience.com\/fr\/wp-json\/wp\/v2\/comments?post=161"}],"wp:featuredmedia":[{"embeddable":true,"href":"https:\/\/www.agadir-experience.com\/fr\/wp-json\/wp\/v2\/media\/177"}],"wp:attachment":[{"href":"https:\/\/www.agadir-experience.com\/fr\/wp-json\/wp\/v2\/media?parent=161"}],"wp:term":[{"taxonomy":"product_cat","embeddable":true,"href":"https:\/\/www.agadir-experience.com\/fr\/wp-json\/wp\/v2\/product_cat?post=161"},{"taxonomy":"product_tag","embeddable":true,"href":"https:\/\/www.agadir-experience.com\/fr\/wp-json\/wp\/v2\/product_tag?post=161"}],"curies":[{"name":"wp","href":"https:\/\/api.w.org\/{rel}","templated":true}]}}