{"id":160,"date":"2023-08-31T15:17:57","date_gmt":"2023-08-31T14:17:57","guid":{"rendered":"https:\/\/www.agadir-experience.com\/fr\/?post_type=product&#038;p=160"},"modified":"2023-09-24T12:15:09","modified_gmt":"2023-09-24T11:15:09","slug":"quad-in-taghazout","status":"publish","type":"product","link":"https:\/\/www.agadir-experience.com\/fr\/tours\/quad-a-taghazout\/","title":{"rendered":"Quad \u00e0 Taghazout"},"content":{"rendered":"<h2>Description :<\/h2>\n<p>Rejoignez-nous pour une aventure en quad palpitante \u00e0 Taghazout ! Partez \u00e0 la d\u00e9couverte de l&#8217;arri\u00e8re-pays magnifique de l&#8217;IDA OUATANANE, \u00e0 seulement 14 km d&#8217;Agadir, en conduisant un puissant quad. Que vous soyez d\u00e9butant ou exp\u00e9riment\u00e9, notre \u00e9quipe sera ravie de vous offrir une visite guid\u00e9e inoubliable. Situ\u00e9 entre la mer et les montagnes, le village de Tamraght offre une vue imprenable sur l&#8217;oc\u00e9an et constitue le point de d\u00e9part id\u00e9al pour notre aventure en quad.<\/p>\n<p>En partant de Tamraght, vous suivrez les pentes majestueuses des montagnes de l&#8217;Anti-Atlas, vous plongeant ainsi dans la beaut\u00e9 naturelle \u00e9poustouflante de la r\u00e9gion. En chemin, vous aurez l&#8217;occasion de rencontrer des habitants sympathiques qui incarnent l&#8217;hospitalit\u00e9 chaleureuse marocaine. Nous organiserons un transfert pratique depuis votre h\u00f4tel \u00e0 Taghazout jusqu&#8217;\u00e0 notre base de d\u00e9part \u00e0 Tamraght.<\/p>\n<p>Vous pouvez choisir entre un d\u00e9part le matin \u00e0 9h00 ou un d\u00e9part l&#8217;apr\u00e8s-midi \u00e0 14h00. \u00c0 votre arriv\u00e9e, notre \u00e9quipe exp\u00e9riment\u00e9e vous fournira un briefing complet sur la s\u00e9curit\u00e9 et une introduction aux techniques de conduite de quad. Vous vous lancerez ensuite dans un voyage passionnant, traversant l&#8217;Oued d&#8217;Aourir le long de la c\u00f4te ou montant le lit de l&#8217;Oued Tamghart pour explorer le terrain montagneux du Haut Atlas. Lors de cette aventure palpitante d&#8217;une demi-journ\u00e9e, vous traverserez des villages berb\u00e8res traditionnels, vous prom\u00e8nerez \u00e0 travers des terres agricoles verdoyantes et vous vivrez l&#8217;excitation de rouler le long de l&#8217;oc\u00e9an Atlantique magnifique. L&#8217;excursion garantit un plaisir maximal sur votre engin \u00e0 quatre roues, vous offrant une exp\u00e9rience palpitante dans un cadre magnifique.<\/p>\n<p>Dans le cadre de l&#8217;excursion, nous ferons une pause pour nous d\u00e9tendre et \u00e9changer avec les habitants. Vous aurez l&#8217;occasion de d\u00e9guster de d\u00e9licieux produits locaux, notamment de l&#8217;huile d&#8217;argan, de l&#8217;amlou (une trempette traditionnelle \u00e0 base d&#8217;amandes), du batbout (pain marocain) et du th\u00e9 berb\u00e8re rafra\u00eechissant. Immortalisez la beaut\u00e9 des environs lors d&#8217;un arr\u00eat photo obligatoire, avant de retourner \u00e0 la base pour dire au revoir \u00e0 votre aventure en quad.<\/p>\n<p>Note :<\/p>\n<ul class=\"itinerary-program\">\n<li>Pour conduire un quad, les participants doivent avoir au moins 13 ans.<\/li>\n<\/ul>\n<p>Les enfants de moins de 13 ans doivent \u00eatre accompagn\u00e9s d&#8217;un adulte ou d&#8217;un de nos guides pour les aider \u00e0 conduire le quad.<\/p>\n","protected":false},"excerpt":{"rendered":"<p>Description : Rejoignez-nous pour une aventure en quad palpitante \u00e0 Taghazout ! Partez \u00e0 la d\u00e9couverte de l&#8217;arri\u00e8re-pays magnifique de l&#8217;IDA OUATANANE, \u00e0 seulement 14 km d&#8217;Agadir, en conduisant un puissant quad. Que vous soyez d\u00e9butant ou exp\u00e9riment\u00e9, notre \u00e9quipe sera ravie de vous offrir une visite guid\u00e9e inoubliable. Situ\u00e9 entre la mer et les [&hellip;]<\/p>\n","protected":false},"featured_media":176,"comment_status":"closed","ping_status":"closed","template":"","meta":{"_acf_changed":false,"_seopress_robots_primary_cat":"none","_seopress_titles_title":"Quad \u00e0 Taghazout : vivez une exp\u00e9rience unique !","_seopress_titles_desc":"Partez pour une balade en quad \u00e0 Taghazout, un village de surfeurs situ\u00e9 sur la c\u00f4te sauvage marocaine. Au programme : pistes de terre, dunes de sable et paysages \u00e0 couper le souffle.","_seopress_robots_index":"","_glsr_average":5,"_glsr_ranking":4.375,"_glsr_reviews":14},"product_cat":[40],"product_tag":[47],"class_list":{"0":"post-160","1":"product","2":"type-product","3":"status-publish","4":"has-post-thumbnail","6":"product_cat-uncategorized","7":"product_tag-activite","9":"first","10":"instock","11":"virtual","12":"sold-individually","13":"purchasable","14":"product-type-booking"},"acf":[],"_links":{"self":[{"href":"https:\/\/www.agadir-experience.com\/fr\/wp-json\/wp\/v2\/product\/160","targetHints":{"allow":["GET"]}}],"collection":[{"href":"https:\/\/www.agadir-experience.com\/fr\/wp-json\/wp\/v2\/product"}],"about":[{"href":"https:\/\/www.agadir-experience.com\/fr\/wp-json\/wp\/v2\/types\/product"}],"replies":[{"embeddable":true,"href":"https:\/\/www.agadir-experience.com\/fr\/wp-json\/wp\/v2\/comments?post=160"}],"wp:featuredmedia":[{"embeddable":true,"href":"https:\/\/www.agadir-experience.com\/fr\/wp-json\/wp\/v2\/media\/176"}],"wp:attachment":[{"href":"https:\/\/www.agadir-experience.com\/fr\/wp-json\/wp\/v2\/media?parent=160"}],"wp:term":[{"taxonomy":"product_cat","embeddable":true,"href":"https:\/\/www.agadir-experience.com\/fr\/wp-json\/wp\/v2\/product_cat?post=160"},{"taxonomy":"product_tag","embeddable":true,"href":"https:\/\/www.agadir-experience.com\/fr\/wp-json\/wp\/v2\/product_tag?post=160"}],"curies":[{"name":"wp","href":"https:\/\/api.w.org\/{rel}","templated":true}]}}