{"id":157,"date":"2023-08-31T15:17:57","date_gmt":"2023-08-31T14:17:57","guid":{"rendered":"https:\/\/www.agadir-experience.com\/fr\/?post_type=product&#038;p=157"},"modified":"2023-09-23T17:15:08","modified_gmt":"2023-09-23T16:15:08","slug":"agadir-camel-ride-in-sunset-time-with-the-barbecue","status":"publish","type":"product","link":"https:\/\/www.agadir-experience.com\/fr\/produit\/balade-a-dos-de-chameau-agadir-au-coucher-du-soleil-avec-barbecue\/","title":{"rendered":"Balade \u00e0 dos de chameau agadir au coucher du soleil avec barbecue"},"content":{"rendered":"<h2>Description :<\/h2>\n<p>Vivez l&#8217;enchantement d&#8217;une balade \u00e0 dos de chameau au coucher du soleil lors de votre s\u00e9jour \u00e0 Agadir. Vous serez pris en charge \u00e0 votre h\u00f4tel et conduit au ranch, o\u00f9 vous embarquerez pour un voyage m\u00e9morable \u00e0 dos de chameau. Profitez des vues magnifiques pendant que vous vous promenez autour du ranch, le long de la rivi\u00e8re Souss et de l&#8217;oc\u00e9an Atlantique, jusqu&#8217;\u00e0 la magnifique plage d&#8217;Agadir.<\/p>\n<p>Vous serez pris en charge \u00e0 la r\u00e9ception de votre h\u00f4tel \u00e0 l&#8217;heure d\u00e9sign\u00e9e. Un court trajet agr\u00e9able de 15 minutes vous conduira au ranch pr\u00e8s du palais du roi. \u00c0 votre arriv\u00e9e au ranch, vous aurez l&#8217;occasion de choisir votre chameau et de commencer votre balade tranquille. Ressentez la douce oscillation des chameaux pendant que vous traversez les eucalyptus et suivez le chemin le long de la rivi\u00e8re Souss, en passant pr\u00e8s du palais du roi.<\/p>\n<p>Apr\u00e8s la balade \u00e0 dos de chameau, il est temps de d\u00e9guster un d\u00e9licieux et nutritif barbecue marocain. Vous serez servi d&#8217;un tagine traditionnel ou d&#8217;un barbecue, accompagn\u00e9 de salade, de th\u00e9 \u00e0 la menthe et de fruits de saison. Apr\u00e8s le barbecue, vous serez ramen\u00e9 \u00e0 la r\u00e9ception de votre h\u00f4tel, marquant la fin de l&#8217;exp\u00e9rience de balade \u00e0 dos de chameau.<\/p>\n","protected":false},"excerpt":{"rendered":"<p>Description : Vivez l&#8217;enchantement d&#8217;une balade \u00e0 dos de chameau au coucher du soleil lors de votre s\u00e9jour \u00e0 Agadir. Vous serez pris en charge \u00e0 votre h\u00f4tel et conduit au ranch, o\u00f9 vous embarquerez pour un voyage m\u00e9morable \u00e0 dos de chameau. Profitez des vues magnifiques pendant que vous vous promenez autour du ranch, [&hellip;]<\/p>\n","protected":false},"featured_media":173,"comment_status":"closed","ping_status":"closed","template":"","meta":{"_acf_changed":false,"_seopress_robots_primary_cat":"none","_seopress_titles_title":"Balade \u00e0 dos de chameau \u00e0 Agadir au coucher du soleil avec barbecue","_seopress_titles_desc":"Vivez une exp\u00e9rience inoubliable lors d&#039;une balade \u00e0 dos de chameau \u00e0 Agadir au coucher du soleil. Au programme : balade dans la palmeraie, barbecue traditionnel et coucher de soleil sur l&#039;oc\u00e9an Atlantique.","_seopress_robots_index":"","_glsr_average":5,"_glsr_ranking":4.3181818181818,"_glsr_reviews":12},"product_cat":[40],"product_tag":[47],"class_list":{"0":"post-157","1":"product","2":"type-product","3":"status-publish","4":"has-post-thumbnail","6":"product_cat-uncategorized","7":"product_tag-activite","9":"first","10":"instock","11":"virtual","12":"sold-individually","13":"purchasable","14":"product-type-booking"},"acf":[],"_links":{"self":[{"href":"https:\/\/www.agadir-experience.com\/fr\/wp-json\/wp\/v2\/product\/157","targetHints":{"allow":["GET"]}}],"collection":[{"href":"https:\/\/www.agadir-experience.com\/fr\/wp-json\/wp\/v2\/product"}],"about":[{"href":"https:\/\/www.agadir-experience.com\/fr\/wp-json\/wp\/v2\/types\/product"}],"replies":[{"embeddable":true,"href":"https:\/\/www.agadir-experience.com\/fr\/wp-json\/wp\/v2\/comments?post=157"}],"wp:featuredmedia":[{"embeddable":true,"href":"https:\/\/www.agadir-experience.com\/fr\/wp-json\/wp\/v2\/media\/173"}],"wp:attachment":[{"href":"https:\/\/www.agadir-experience.com\/fr\/wp-json\/wp\/v2\/media?parent=157"}],"wp:term":[{"taxonomy":"product_cat","embeddable":true,"href":"https:\/\/www.agadir-experience.com\/fr\/wp-json\/wp\/v2\/product_cat?post=157"},{"taxonomy":"product_tag","embeddable":true,"href":"https:\/\/www.agadir-experience.com\/fr\/wp-json\/wp\/v2\/product_tag?post=157"}],"curies":[{"name":"wp","href":"https:\/\/api.w.org\/{rel}","templated":true}]}}