{"id":156,"date":"2023-08-31T15:17:57","date_gmt":"2023-08-31T14:17:57","guid":{"rendered":"https:\/\/www.agadir-experience.com\/fr\/?post_type=product&#038;p=156"},"modified":"2023-09-23T17:14:22","modified_gmt":"2023-09-23T16:14:22","slug":"buggy-in-taghazout","status":"publish","type":"product","link":"https:\/\/www.agadir-experience.com\/fr\/tours\/buggy-a-taghazout\/","title":{"rendered":"Buggy \u00e0 Taghazout"},"content":{"rendered":"<h2>Description :<\/h2>\n<p>Rejoignez-nous pour une excitante aventure en buggy \u00e0 Taghazout, o\u00f9 vous pourrez explorer l&#8217;arri\u00e8re-pays magnifique de l&#8217;IDA OUATANANE depuis la baie d&#8217;Immourane, \u00e0 seulement 14 km d&#8217;Agadir. Le village de Tamraght, situ\u00e9 entre la mer et les montagnes, offre une vue imprenable sur l&#8217;oc\u00e9an. Pendant cette excursion d&#8217;une demi-journ\u00e9e, vous aurez l&#8217;opportunit\u00e9 de parcourir les pentes des montagnes de l&#8217;Anti-Atlas, de vous \u00e9merveiller devant les paysages marins et de d\u00e9couvrir l&#8217;hospitalit\u00e9 chaleureuse des habitants locaux.<\/p>\n<p>Votre aventure commence par un transfert depuis votre h\u00f4tel \u00e0 Taghazout jusqu&#8217;\u00e0 la base de d\u00e9part \u00e0 Tamraght. Choisissez entre un d\u00e9part le matin \u00e0 8h30 ou un d\u00e9part l&#8217;apr\u00e8s-midi \u00e0 14h00.<\/p>\n<p>\u00c0 votre arriv\u00e9e, vous rencontrerez notre \u00e9quipe et recevrez des instructions de s\u00e9curit\u00e9 ainsi qu&#8217;une initiation \u00e0 la conduite du buggy. Vous partirez ensuite pour une balade exaltante, soit le long de l&#8217;Oued d&#8217;Aourir pr\u00e8s de la mer, soit en remontant l&#8217;Oued Tamghart pour explorer les pentes montagneuses du Haut-Atlas. Parcourez les villages berb\u00e8res et les terres agricoles, et ressentez la mont\u00e9e d&#8217;adr\u00e9naline en longeant l&#8217;oc\u00e9an Atlantique. Cette activit\u00e9 de demi-journ\u00e9e garantit un maximum de plaisir sur votre machine \u00e0 quatre roues, offrant une aventure passionnante pour tous les participants.<\/p>\n<p>Pendant l&#8217;excursion, vous ferez une pause th\u00e9 chez les habitants, o\u00f9 vous pourrez d\u00e9guster des produits locaux tels que l&#8217;huile d&#8217;argan, l&#8217;amlou (une trempette traditionnelle \u00e0 base d&#8217;amandes), le batbout (pain marocain) et le th\u00e9 berb\u00e8re rafra\u00eechissant. Apr\u00e8s avoir travers\u00e9 le village d&#8217;Aourga, vous atteindrez Taghazout, o\u00f9 la vue imprenable sur la mer vous attend. Faites une pause photo obligatoire pour capturer la beaut\u00e9 des environs avant de retourner \u00e0 la base.<\/p>\n<p>Remarque :<\/p>\n<ul class=\"itinerary-program\">\n<li>Les participants doivent avoir au moins 17 ans pour conduire un buggy.<\/li>\n<\/ul>\n<p>Les enfants de moins de 13 ans doivent \u00eatre accompagn\u00e9s d&#8217;un adulte ou de l&#8217;un de nos guides pour les aider \u00e0 conduire le buggy.<\/p>\n","protected":false},"excerpt":{"rendered":"<p>Description : Rejoignez-nous pour une excitante aventure en buggy \u00e0 Taghazout, o\u00f9 vous pourrez explorer l&#8217;arri\u00e8re-pays magnifique de l&#8217;IDA OUATANANE depuis la baie d&#8217;Immourane, \u00e0 seulement 14 km d&#8217;Agadir. Le village de Tamraght, situ\u00e9 entre la mer et les montagnes, offre une vue imprenable sur l&#8217;oc\u00e9an. Pendant cette excursion d&#8217;une demi-journ\u00e9e, vous aurez l&#8217;opportunit\u00e9 de [&hellip;]<\/p>\n","protected":false},"featured_media":172,"comment_status":"closed","ping_status":"closed","template":"","meta":{"_acf_changed":false,"_seopress_robots_primary_cat":"none","_seopress_titles_title":"Balade en buggy \u00e0 Taghazout : d\u00e9couvrez la c\u00f4te sauvage marocaine","_seopress_titles_desc":"Vivez une exp\u00e9rience inoubliable lors d&#039;une balade en buggy \u00e0 Taghazout, un village de surfeurs situ\u00e9 sur la c\u00f4te sauvage marocaine. Au programme : pistes de terre, plages d\u00e9sertes et paysages \u00e0 couper le souffle.","_seopress_robots_index":"","_glsr_average":5,"_glsr_ranking":4.3478260869565,"_glsr_reviews":13},"product_cat":[40],"product_tag":[47],"class_list":{"0":"post-156","1":"product","2":"type-product","3":"status-publish","4":"has-post-thumbnail","6":"product_cat-uncategorized","7":"product_tag-activite","9":"first","10":"instock","11":"virtual","12":"sold-individually","13":"purchasable","14":"product-type-booking"},"acf":[],"_links":{"self":[{"href":"https:\/\/www.agadir-experience.com\/fr\/wp-json\/wp\/v2\/product\/156","targetHints":{"allow":["GET"]}}],"collection":[{"href":"https:\/\/www.agadir-experience.com\/fr\/wp-json\/wp\/v2\/product"}],"about":[{"href":"https:\/\/www.agadir-experience.com\/fr\/wp-json\/wp\/v2\/types\/product"}],"replies":[{"embeddable":true,"href":"https:\/\/www.agadir-experience.com\/fr\/wp-json\/wp\/v2\/comments?post=156"}],"wp:featuredmedia":[{"embeddable":true,"href":"https:\/\/www.agadir-experience.com\/fr\/wp-json\/wp\/v2\/media\/172"}],"wp:attachment":[{"href":"https:\/\/www.agadir-experience.com\/fr\/wp-json\/wp\/v2\/media?parent=156"}],"wp:term":[{"taxonomy":"product_cat","embeddable":true,"href":"https:\/\/www.agadir-experience.com\/fr\/wp-json\/wp\/v2\/product_cat?post=156"},{"taxonomy":"product_tag","embeddable":true,"href":"https:\/\/www.agadir-experience.com\/fr\/wp-json\/wp\/v2\/product_tag?post=156"}],"curies":[{"name":"wp","href":"https:\/\/api.w.org\/{rel}","templated":true}]}}