{"id":155,"date":"2023-08-31T15:17:57","date_gmt":"2023-08-31T14:17:57","guid":{"rendered":"https:\/\/www.agadir-experience.com\/fr\/?post_type=product&#038;p=155"},"modified":"2023-09-24T12:13:51","modified_gmt":"2023-09-24T11:13:51","slug":"buggy-tour-in-agadir","status":"publish","type":"product","link":"https:\/\/www.agadir-experience.com\/fr\/tours\/balade-en-buggy-a-agadir\/","title":{"rendered":"Balade en Buggy \u00e0 Agadir"},"content":{"rendered":"<h2>Description :<\/h2>\n<p>Pr\u00e9parez-vous \u00e0 une aventure palpitante alors que vous explorez le d\u00e9sert du Sahara \u00e0 pleine vitesse lors d&#8217;une excursion en buggy. Attachez votre ceinture et pr\u00e9parez-vous \u00e0 traverser des villages berb\u00e8res, des dunes, des plages et bien plus encore, tout en d\u00e9gustant un d\u00e9licieux petit-d\u00e9jeuner traditionnel en chemin.<\/p>\n<p>Votre aventure commence par une prise en charge \u00e0 votre h\u00f4tel \u00e0 Agadir \u00e0 l&#8217;heure pr\u00e9vue. Vous vous dirigerez ensuite vers le sud d&#8217;Agadir, en direction d&#8217;un village berb\u00e8re pour rencontrer votre guide. \u00c0 votre arriv\u00e9e, vous recevrez une br\u00e8ve introduction aux techniques de conduite en tout-terrain et des conseils pratiques. Des lunettes et des casques vous seront fournis avant de monter \u00e0 bord de votre buggy et de commencer votre aventure.<\/p>\n<p>Le parcours commence par une travers\u00e9e de villages berb\u00e8res, de terres agricoles et de pittoresques for\u00eats d&#8217;arganiers et de figuiers. Vous aurez peut-\u00eatre m\u00eame la chance de rencontrer des nomades alors que vous naviguez sur les dunes ensoleill\u00e9es.<\/p>\n<p>Pour conclure l&#8217;excursion, vous ferez une halte dans un camp berb\u00e8re, o\u00f9 vous vous r\u00e9galerez d&#8217;un d\u00e9licieux petit-d\u00e9jeuner traditionnel. Savourez le th\u00e9 \u00e0 la menthe, l&#8217;huile d&#8217;argan, l&#8217;amlou (sauce marocaine), le miel et le pain artisanal, rechargeant ainsi votre \u00e9nergie pour le reste de l&#8217;excursion. Apr\u00e8s avoir savour\u00e9 votre petit-d\u00e9jeuner et vous \u00eatre ressourc\u00e9, vous retournerez au point de d\u00e9part pour retrouver votre chauffeur, qui vous ram\u00e8nera \u00e0 votre h\u00f4tel.<\/p>\n<p>Cette activit\u00e9 de demi-journ\u00e9e promet une exp\u00e9rience exaltante sur une machine \u00e0 quatre roues, garantissant un maximum de plaisir et d&#8217;aventure.<\/p>\n","protected":false},"excerpt":{"rendered":"<p>Description : Pr\u00e9parez-vous \u00e0 une aventure palpitante alors que vous explorez le d\u00e9sert du Sahara \u00e0 pleine vitesse lors d&#8217;une excursion en buggy. Attachez votre ceinture et pr\u00e9parez-vous \u00e0 traverser des villages berb\u00e8res, des dunes, des plages et bien plus encore, tout en d\u00e9gustant un d\u00e9licieux petit-d\u00e9jeuner traditionnel en chemin. Votre aventure commence par une [&hellip;]<\/p>\n","protected":false},"featured_media":171,"comment_status":"closed","ping_status":"closed","template":"","meta":{"_acf_changed":false,"_seopress_robots_primary_cat":"none","_seopress_titles_title":"Balade en buggy \u00e0 Agadir : une fa\u00e7on amusante et passionnante pour explorer la region","_seopress_titles_desc":"D\u00e9couvrez la r\u00e9gion d&#039;Agadir \u00e0 bord d&#039;un buggy lors d&#039;une excursion passionnante. Au programme : pistes de terre, dunes de sable et paysages \u00e0 couper le souffle.","_seopress_robots_index":"","_glsr_average":5,"_glsr_ranking":4.3181818181818,"_glsr_reviews":12},"product_cat":[40],"product_tag":[47],"class_list":{"0":"post-155","1":"product","2":"type-product","3":"status-publish","4":"has-post-thumbnail","6":"product_cat-uncategorized","7":"product_tag-activite","9":"first","10":"instock","11":"virtual","12":"sold-individually","13":"purchasable","14":"product-type-booking"},"acf":[],"_links":{"self":[{"href":"https:\/\/www.agadir-experience.com\/fr\/wp-json\/wp\/v2\/product\/155","targetHints":{"allow":["GET"]}}],"collection":[{"href":"https:\/\/www.agadir-experience.com\/fr\/wp-json\/wp\/v2\/product"}],"about":[{"href":"https:\/\/www.agadir-experience.com\/fr\/wp-json\/wp\/v2\/types\/product"}],"replies":[{"embeddable":true,"href":"https:\/\/www.agadir-experience.com\/fr\/wp-json\/wp\/v2\/comments?post=155"}],"wp:featuredmedia":[{"embeddable":true,"href":"https:\/\/www.agadir-experience.com\/fr\/wp-json\/wp\/v2\/media\/171"}],"wp:attachment":[{"href":"https:\/\/www.agadir-experience.com\/fr\/wp-json\/wp\/v2\/media?parent=155"}],"wp:term":[{"taxonomy":"product_cat","embeddable":true,"href":"https:\/\/www.agadir-experience.com\/fr\/wp-json\/wp\/v2\/product_cat?post=155"},{"taxonomy":"product_tag","embeddable":true,"href":"https:\/\/www.agadir-experience.com\/fr\/wp-json\/wp\/v2\/product_tag?post=155"}],"curies":[{"name":"wp","href":"https:\/\/api.w.org\/{rel}","templated":true}]}}