{"id":153,"date":"2023-08-31T15:17:57","date_gmt":"2023-08-31T14:17:57","guid":{"rendered":"https:\/\/www.agadir-experience.com\/fr\/?post_type=product&#038;p=153"},"modified":"2023-09-23T17:08:05","modified_gmt":"2023-09-23T16:08:05","slug":"berber-night-show-in-agadir-fantasia-show","status":"publish","type":"product","link":"https:\/\/www.agadir-experience.com\/fr\/tours\/spectacle-berbere-a-agadir-la-fantasia\/","title":{"rendered":"Spectacle berb\u00e8re \u00e0 Agadir &#8211; la fantasia"},"content":{"rendered":"<h2>Description :<\/h2>\n<p>Plongez dans une soir\u00e9e inoubliable aux abords d&#8217;Agadir, o\u00f9 vous vous r\u00e9galerez d&#8217;un d\u00e9licieux repas marocain tout en \u00e9tant captiv\u00e9 par un spectacle berb\u00e8re authentique. Pr\u00e9parez-vous \u00e0 assister \u00e0 des acrobates \u00e0 cheval, des pirouettes envo\u00fbtantes et bien plus encore ! Nuit berb\u00e8re avec spectacle de Fantasia : Nous viendrons vous chercher \u00e0 votre h\u00f4tel \u00e0 19h00 et nous nous rendrons \u00e0 un camp local pour commencer notre soir\u00e9e berb\u00e8re extraordinaire.<\/p>\n<p>Alors que nous nous installons dans ce cadre authentique, nous aurons l&#8217;occasion d&#8217;observer des cavaliers venus de tout le pays se pr\u00e9parer pour le spectacle. Le spectacle berb\u00e8re est une fusion envo\u00fbtante de danse, de musique et de culture qui nous plonge dans une v\u00e9ritable ambiance marocaine.<\/p>\n<p>D\u00e9couvrez une vari\u00e9t\u00e9 de styles folkloriques, notamment des acrobates \u00e0 cheval, des danseuses du ventre captivantes, des cracheurs de feu impressionnants et des charmeurs de serpents envo\u00fbtants. Tout cela sera accompagn\u00e9 des sons captivants de la musique berb\u00e8re typique.<\/p>\n<p>\u00c0 votre arriv\u00e9e, vous serez accueilli par des danseurs marocains et escort\u00e9 vers une magnifique tente ca\u00efdale, o\u00f9 vous vous d\u00e9lecterez d&#8217;une v\u00e9ritable exp\u00e9rience culinaire marocaine. Savourez des plats traditionnels marocains tels que la soupe Harira, des dattes, un tajine marocain traditionnel, du couscous avec de la viande, une vari\u00e9t\u00e9 de sept l\u00e9gumes et des p\u00e2tisseries marocaines servies avec du th\u00e9 \u00e0 la menthe marocain aromatique. Nos musiciens, venus de diff\u00e9rentes r\u00e9gions du Maroc, pr\u00e9senteront leurs styles musicaux uniques et partageront avec vous l&#8217;histoire riche de la musique berb\u00e8re.<\/p>\n<p>Enfin, nous vous invitons \u00e0 notre stade, o\u00f9 vous serez captiv\u00e9 par le spectacle de Fantasia d&#8217;Agadir et le spectacle de nuit berb\u00e8re, qui vous laisseront des souvenirs m\u00e9morables de cette exp\u00e9rience captivante.<\/p>\n<p>Menu :<\/p>\n<ul class=\"itinerary-program\">\n<li>Assortiment de fines salades marocaines (6 vari\u00e9t\u00e9s)<\/li>\n<li>Trio de briouattes aux 3 saveurs<\/li>\n<li>Couscous au poulet et aux l\u00e9gumes<\/li>\n<li>Pastilla au lait et aux amandes<\/li>\n<li>Th\u00e9 marocain et p\u00e2tisseries<\/li>\n<\/ul>\n","protected":false},"excerpt":{"rendered":"<p>Description : Plongez dans une soir\u00e9e inoubliable aux abords d&#8217;Agadir, o\u00f9 vous vous r\u00e9galerez d&#8217;un d\u00e9licieux repas marocain tout en \u00e9tant captiv\u00e9 par un spectacle berb\u00e8re authentique. Pr\u00e9parez-vous \u00e0 assister \u00e0 des acrobates \u00e0 cheval, des pirouettes envo\u00fbtantes et bien plus encore ! Nuit berb\u00e8re avec spectacle de Fantasia : Nous viendrons vous chercher \u00e0 [&hellip;]<\/p>\n","protected":false},"featured_media":169,"comment_status":"closed","ping_status":"closed","template":"","meta":{"_acf_changed":false,"_seopress_robots_primary_cat":"none","_seopress_titles_title":"Spectacle berb\u00e8re \u00e0 Agadir : la Fantasia, une exp\u00e9rience inoubliable","_seopress_titles_desc":"D\u00e9couvrez la culture et les traditions berb\u00e8res d&#039;Agadir lors d&#039;un spectacle nocturne grandiose. Au programme : danses, musique, acrobaties et d\u00eener.","_seopress_robots_index":"","_glsr_average":5,"_glsr_ranking":4.1176470588235,"_glsr_reviews":7},"product_cat":[40],"product_tag":[41,51],"class_list":{"0":"post-153","1":"product","2":"type-product","3":"status-publish","4":"has-post-thumbnail","6":"product_cat-uncategorized","7":"product_tag-best-of","8":"product_tag-soiree","10":"first","11":"instock","12":"virtual","13":"sold-individually","14":"purchasable","15":"product-type-booking"},"acf":[],"_links":{"self":[{"href":"https:\/\/www.agadir-experience.com\/fr\/wp-json\/wp\/v2\/product\/153","targetHints":{"allow":["GET"]}}],"collection":[{"href":"https:\/\/www.agadir-experience.com\/fr\/wp-json\/wp\/v2\/product"}],"about":[{"href":"https:\/\/www.agadir-experience.com\/fr\/wp-json\/wp\/v2\/types\/product"}],"replies":[{"embeddable":true,"href":"https:\/\/www.agadir-experience.com\/fr\/wp-json\/wp\/v2\/comments?post=153"}],"wp:featuredmedia":[{"embeddable":true,"href":"https:\/\/www.agadir-experience.com\/fr\/wp-json\/wp\/v2\/media\/169"}],"wp:attachment":[{"href":"https:\/\/www.agadir-experience.com\/fr\/wp-json\/wp\/v2\/media?parent=153"}],"wp:term":[{"taxonomy":"product_cat","embeddable":true,"href":"https:\/\/www.agadir-experience.com\/fr\/wp-json\/wp\/v2\/product_cat?post=153"},{"taxonomy":"product_tag","embeddable":true,"href":"https:\/\/www.agadir-experience.com\/fr\/wp-json\/wp\/v2\/product_tag?post=153"}],"curies":[{"name":"wp","href":"https:\/\/api.w.org\/{rel}","templated":true}]}}