{"id":152,"date":"2023-08-31T15:17:56","date_gmt":"2023-08-31T14:17:56","guid":{"rendered":"https:\/\/www.agadir-experience.com\/fr\/?post_type=product&#038;p=152"},"modified":"2024-04-23T22:39:52","modified_gmt":"2024-04-23T21:39:52","slug":"sandboarding-agadir-trip","status":"publish","type":"product","link":"https:\/\/www.agadir-experience.com\/fr\/produit\/excursion-de-sandboarding-a-agadir\/","title":{"rendered":"Excursion De Sandboarding \u00c0 Agadir"},"content":{"rendered":"<h2>Description :<\/h2>\n<p>Vivez l&#8217;excitation du sandboarding \u00e0 Agadir et profitez d&#8217;une aventure unique dans le d\u00e9sert marocain. Essayez ce sport passionnant et surfez sur les dunes de sable tout en admirant les magnifiques paysages.<\/p>\n<p>Commencez la journ\u00e9e par une prise en charge \u00e0 votre h\u00f4tel \u00e0 Agadir ou \u00e0 Taghazout \u00e0 l&#8217;heure choisie (10h ou 14h). Embarquez pour un trajet d&#8217;une heure vers le nord d&#8217;Agadir, en passant par des villages, dont les villages de surf de Taghazout et Tamrakht, ainsi que le village des bananes de Tamri.<\/p>\n<p>Arrivez \u00e0 Timlalin (les dunes de sable) pr\u00e8s de la plage de Taboga, o\u00f9 se d\u00e9roulera votre exp\u00e9rience de sandboarding. Recevez une br\u00e8ve introduction sur la pratique du sandboarding, puis ayez l&#8217;occasion d&#8217;essayer cette activit\u00e9 palpitante par vous-m\u00eame. Surfez sur les grandes dunes de sable, profitez de l&#8217;adr\u00e9naline et de la vue imprenable.<\/p>\n<p>Apr\u00e8s plusieurs descentes et une session de sandboarding excitante, faites une pause et d\u00e9gustez une d\u00e9licieuse collation accompagn\u00e9e d&#8217;un d\u00e9licieux th\u00e9 local pour recharger vos batteries. Profitez de la vue panoramique sur la plage sauvage et, si le timing le permet, vivez le magnifique coucher de soleil.<\/p>\n<p>Une fois que vous en avez assez de faire du sandboarding et que vous avez profit\u00e9 de la plage, commencez le trajet de retour vers votre h\u00f4tel. D\u00e9pose \u00e0 votre h\u00f4tel \u00e0 Agadir ou \u00e0 Taghazout.<\/p>\n<p>&nbsp;<\/p>\n<p>Remarque :<\/p>\n<ul class=\"itinerary-program\">\n<li>Les sandales et les shorts sont recommand\u00e9s pour le sandboarding.<\/li>\n<li>Cette excursion n\u00e9cessite un minimum de 2 personnes. Les voyageurs seuls doivent v\u00e9rifier la disponibilit\u00e9 via WhatsApp avant de faire une r\u00e9servation.<\/li>\n<\/ul>\n","protected":false},"excerpt":{"rendered":"<p>Description : Vivez l&#8217;excitation du sandboarding \u00e0 Agadir et profitez d&#8217;une aventure unique dans le d\u00e9sert marocain. Essayez ce sport passionnant et surfez sur les dunes de sable tout en admirant les magnifiques paysages. Commencez la journ\u00e9e par une prise en charge \u00e0 votre h\u00f4tel \u00e0 Agadir ou \u00e0 Taghazout \u00e0 l&#8217;heure choisie (10h ou [&hellip;]<\/p>\n","protected":false},"featured_media":168,"comment_status":"closed","ping_status":"closed","template":"","meta":{"_acf_changed":false,"_seopress_robots_primary_cat":"none","_seopress_titles_title":"Excursion de sandboarding \u00e0 Agadir : une exp\u00e9rience unique","_seopress_titles_desc":"D\u00e9couvrez la beaut\u00e9 des dunes de sable d&#039;Agadir lors d&#039;une excursion de sandboarding. Au programme : descentes vertigineuses et paysages \u00e9poustouflants.","_seopress_robots_index":"","_glsr_average":4.9,"_glsr_ranking":4.1631578947368,"_glsr_reviews":9},"product_cat":[40],"product_tag":[47,41],"class_list":{"0":"post-152","1":"product","2":"type-product","3":"status-publish","4":"has-post-thumbnail","6":"product_cat-uncategorized","7":"product_tag-activite","8":"product_tag-best-of","10":"first","11":"instock","12":"virtual","13":"sold-individually","14":"purchasable","15":"product-type-booking"},"acf":[],"_links":{"self":[{"href":"https:\/\/www.agadir-experience.com\/fr\/wp-json\/wp\/v2\/product\/152","targetHints":{"allow":["GET"]}}],"collection":[{"href":"https:\/\/www.agadir-experience.com\/fr\/wp-json\/wp\/v2\/product"}],"about":[{"href":"https:\/\/www.agadir-experience.com\/fr\/wp-json\/wp\/v2\/types\/product"}],"replies":[{"embeddable":true,"href":"https:\/\/www.agadir-experience.com\/fr\/wp-json\/wp\/v2\/comments?post=152"}],"wp:featuredmedia":[{"embeddable":true,"href":"https:\/\/www.agadir-experience.com\/fr\/wp-json\/wp\/v2\/media\/168"}],"wp:attachment":[{"href":"https:\/\/www.agadir-experience.com\/fr\/wp-json\/wp\/v2\/media?parent=152"}],"wp:term":[{"taxonomy":"product_cat","embeddable":true,"href":"https:\/\/www.agadir-experience.com\/fr\/wp-json\/wp\/v2\/product_cat?post=152"},{"taxonomy":"product_tag","embeddable":true,"href":"https:\/\/www.agadir-experience.com\/fr\/wp-json\/wp\/v2\/product_tag?post=152"}],"curies":[{"name":"wp","href":"https:\/\/api.w.org\/{rel}","templated":true}]}}