{"id":151,"date":"2023-08-31T15:17:56","date_gmt":"2023-08-31T14:17:56","guid":{"rendered":"https:\/\/www.agadir-experience.com\/fr\/?post_type=product&#038;p=151"},"modified":"2023-10-24T23:47:46","modified_gmt":"2023-10-24T22:47:46","slug":"quad-bike-agadir","status":"publish","type":"product","link":"https:\/\/www.agadir-experience.com\/fr\/tours\/balade-en-quad-a-agadir\/","title":{"rendered":"Balade En Quad \u00c0 Agadir"},"content":{"rendered":"<h2>Description :<\/h2>\n<p>Embarquez pour une aventure palpitante et explorez les zones rurales entourant Agadir d&#8217;une mani\u00e8re amusante et excitante, en conduisant un quad. Vivez l&#8217;excitation de parcourir des r\u00e9gions rurales berb\u00e8res et des terrains pr\u00e9sahariens, et terminez votre voyage avec un d\u00e9licieux petit-d\u00e9jeuner berb\u00e8re. Votre aventure commence par une prise en charge \u00e0 votre h\u00f4tel \u00e0 Agadir \u00e0 l&#8217;heure pr\u00e9vue. Vous vous dirigerez ensuite vers le sud d&#8217;Agadir pour atteindre un village berb\u00e8re o\u00f9 vous rencontrerez votre guide. \u00c0 votre arriv\u00e9e, vous recevrez une br\u00e8ve introduction aux techniques de conduite en quad tout-terrain, ainsi que des conseils pratiques. Vous recevrez des lunettes et des casques avant de monter sur votre quad et de commencer votre aventure. Le trajet commence par une balade \u00e0 travers des villages berb\u00e8res, des terres agricoles et de pittoresques for\u00eats d&#8217;arganiers et de figuiers. Vous aurez peut-\u00eatre m\u00eame l&#8217;occasion de rencontrer des nomades en naviguant dans les dunes ensoleill\u00e9es. Lors du retour vers le point de d\u00e9part, vous ferez une pause pour prendre un petit-d\u00e9jeuner berb\u00e8re fait maison. Profitez du th\u00e9 \u00e0 la menthe \u00e0 l&#8217;huile d&#8217;argan, de l&#8217;Amlou (une p\u00e2te \u00e0 base de beurre de cacahu\u00e8te marocain), du miel et du pain fait maison, rechargeant votre \u00e9nergie pour le reste de l&#8217;excursion. Apr\u00e8s avoir savour\u00e9 votre petit-d\u00e9jeuner, vous continuerez jusqu&#8217;au point de d\u00e9part pour retrouver votre chauffeur, qui vous ram\u00e8nera \u00e0 votre h\u00f4tel. Cette activit\u00e9 d&#8217;une demi-journ\u00e9e garantit un maximum de plaisir sur une machine \u00e0 quatre roues, offrant une exp\u00e9rience inoubliable.<\/p>\n","protected":false},"excerpt":{"rendered":"<p>Description : Embarquez pour une aventure palpitante et explorez les zones rurales entourant Agadir d&#8217;une mani\u00e8re amusante et excitante, en conduisant un quad. Vivez l&#8217;excitation de parcourir des r\u00e9gions rurales berb\u00e8res et des terrains pr\u00e9sahariens, et terminez votre voyage avec un d\u00e9licieux petit-d\u00e9jeuner berb\u00e8re. Votre aventure commence par une prise en charge \u00e0 votre h\u00f4tel [&hellip;]<\/p>\n","protected":false},"featured_media":167,"comment_status":"closed","ping_status":"closed","template":"","meta":{"_acf_changed":false,"_seopress_robots_primary_cat":"none","_seopress_titles_title":"Balade en quad \u00e0 Agadir : une aventure palpitante","_seopress_titles_desc":"Vivez une exp\u00e9rience inoubliable lors d&#039;une balade en quad \u00e0 Agadir. Au programme : dunes de sable, pistes ensabl\u00e9es et paysages \u00e9poustouflants.","_seopress_robots_index":"","_glsr_average":5,"_glsr_ranking":4.25,"_glsr_reviews":10},"product_cat":[40],"product_tag":[47,42],"class_list":{"0":"post-151","1":"product","2":"type-product","3":"status-publish","4":"has-post-thumbnail","6":"product_cat-uncategorized","7":"product_tag-activite","8":"product_tag-home-carousel","10":"first","11":"instock","12":"virtual","13":"sold-individually","14":"purchasable","15":"product-type-booking"},"acf":[],"_links":{"self":[{"href":"https:\/\/www.agadir-experience.com\/fr\/wp-json\/wp\/v2\/product\/151","targetHints":{"allow":["GET"]}}],"collection":[{"href":"https:\/\/www.agadir-experience.com\/fr\/wp-json\/wp\/v2\/product"}],"about":[{"href":"https:\/\/www.agadir-experience.com\/fr\/wp-json\/wp\/v2\/types\/product"}],"replies":[{"embeddable":true,"href":"https:\/\/www.agadir-experience.com\/fr\/wp-json\/wp\/v2\/comments?post=151"}],"wp:featuredmedia":[{"embeddable":true,"href":"https:\/\/www.agadir-experience.com\/fr\/wp-json\/wp\/v2\/media\/167"}],"wp:attachment":[{"href":"https:\/\/www.agadir-experience.com\/fr\/wp-json\/wp\/v2\/media?parent=151"}],"wp:term":[{"taxonomy":"product_cat","embeddable":true,"href":"https:\/\/www.agadir-experience.com\/fr\/wp-json\/wp\/v2\/product_cat?post=151"},{"taxonomy":"product_tag","embeddable":true,"href":"https:\/\/www.agadir-experience.com\/fr\/wp-json\/wp\/v2\/product_tag?post=151"}],"curies":[{"name":"wp","href":"https:\/\/api.w.org\/{rel}","templated":true}]}}