{"id":150,"date":"2023-08-31T15:17:56","date_gmt":"2023-08-31T14:17:56","guid":{"rendered":"https:\/\/www.agadir-experience.com\/fr\/?post_type=product&#038;p=150"},"modified":"2023-09-24T12:28:19","modified_gmt":"2023-09-24T11:28:19","slug":"agadir-camel-ride","status":"publish","type":"product","link":"https:\/\/www.agadir-experience.com\/fr\/tours\/balade-en-chameau-a-agadir\/","title":{"rendered":"Balade Chameau \u00e0 Agadir"},"content":{"rendered":"<h2>Description :<\/h2>\n<p>Partez pour une balade \u00e0 dos de chameau m\u00e9morable \u00e0 Agadir, en commen\u00e7ant par une prise en charge pratique \u00e0 votre h\u00f4tel \u00e0 l&#8217;heure choisie. Vous serez transport\u00e9 vers un ranch \u00e0 proximit\u00e9 o\u00f9 vous rencontrerez les majestueux chameaux. Passez deux heures \u00e0 explorer les environs de cette incroyable ville marocaine de la mani\u00e8re la plus traditionnelle, en chevauchant ces caract\u00e9ristiques animales du d\u00e9sert.<\/p>\n<p>Pendant votre balade \u00e0 dos de chameau, vous aurez l&#8217;occasion d&#8217;admirer la magnifique plage d&#8217;Agadir et de profiter de vues imprenables sur l&#8217;oc\u00e9an Atlantique. En chemin, faites un arr\u00eat dans un campement berb\u00e8re, o\u00f9 vous pourrez profiter d&#8217;une d\u00e9licieuse exp\u00e9rience de th\u00e9 \u00e0 la menthe. Plongez-vous dans la culture et les traditions des nomades historiques du d\u00e9sert, le peuple berb\u00e8re, et d\u00e9couvrez leur mode de vie.<\/p>\n<p>Apr\u00e8s avoir pleinement profit\u00e9 de cette exp\u00e9rience unique, votre tour \u00e0 dos de chameau \u00e0 Agadir se conclura au point de d\u00e9part d&#8217;origine. Vous serez ensuite ramen\u00e9 \u00e0 votre h\u00f4tel. Si vous avez choisi la visite du matin, vous pouvez vous attendre \u00e0 \u00eatre d\u00e9pos\u00e9 vers midi. Pour ceux qui ont r\u00e9serv\u00e9 la visite de l&#8217;apr\u00e8s-midi, l&#8217;heure de retour est d&#8217;environ 17h00.<\/p>\n","protected":false},"excerpt":{"rendered":"<p>Description : Partez pour une balade \u00e0 dos de chameau m\u00e9morable \u00e0 Agadir, en commen\u00e7ant par une prise en charge pratique \u00e0 votre h\u00f4tel \u00e0 l&#8217;heure choisie. Vous serez transport\u00e9 vers un ranch \u00e0 proximit\u00e9 o\u00f9 vous rencontrerez les majestueux chameaux. Passez deux heures \u00e0 explorer les environs de cette incroyable ville marocaine de la [&hellip;]<\/p>\n","protected":false},"featured_media":166,"comment_status":"closed","ping_status":"closed","template":"","meta":{"_acf_changed":false,"_seopress_robots_primary_cat":"none","_seopress_titles_title":"Balade en chameau \u00e0 Agadir : une exp\u00e9rience unique","_seopress_titles_desc":"D\u00e9couvrez la beaut\u00e9 de la c\u00f4te marocaine lors d&#039;une balade en chameau \u00e0 Agadir. Au programme : plages de sable fin, dunes de sable et villages traditionnels berb\u00e8res.","_seopress_robots_index":"","_glsr_average":5,"_glsr_ranking":4.1666666666667,"_glsr_reviews":8},"product_cat":[40],"product_tag":[47,42],"class_list":{"0":"post-150","1":"product","2":"type-product","3":"status-publish","4":"has-post-thumbnail","6":"product_cat-uncategorized","7":"product_tag-activite","8":"product_tag-home-carousel","10":"first","11":"instock","12":"virtual","13":"sold-individually","14":"purchasable","15":"product-type-booking"},"acf":[],"_links":{"self":[{"href":"https:\/\/www.agadir-experience.com\/fr\/wp-json\/wp\/v2\/product\/150","targetHints":{"allow":["GET"]}}],"collection":[{"href":"https:\/\/www.agadir-experience.com\/fr\/wp-json\/wp\/v2\/product"}],"about":[{"href":"https:\/\/www.agadir-experience.com\/fr\/wp-json\/wp\/v2\/types\/product"}],"replies":[{"embeddable":true,"href":"https:\/\/www.agadir-experience.com\/fr\/wp-json\/wp\/v2\/comments?post=150"}],"wp:featuredmedia":[{"embeddable":true,"href":"https:\/\/www.agadir-experience.com\/fr\/wp-json\/wp\/v2\/media\/166"}],"wp:attachment":[{"href":"https:\/\/www.agadir-experience.com\/fr\/wp-json\/wp\/v2\/media?parent=150"}],"wp:term":[{"taxonomy":"product_cat","embeddable":true,"href":"https:\/\/www.agadir-experience.com\/fr\/wp-json\/wp\/v2\/product_cat?post=150"},{"taxonomy":"product_tag","embeddable":true,"href":"https:\/\/www.agadir-experience.com\/fr\/wp-json\/wp\/v2\/product_tag?post=150"}],"curies":[{"name":"wp","href":"https:\/\/api.w.org\/{rel}","templated":true}]}}